{"id":170,"date":"2013-12-10T18:48:07","date_gmt":"2013-12-10T17:48:07","guid":{"rendered":"http:\/\/celiabayona.es\/web\/?page_id=170"},"modified":"2013-12-10T18:48:07","modified_gmt":"2013-12-10T17:48:07","slug":"poniendo-color-a-mis-sentimientos","status":"publish","type":"page","link":"https:\/\/celiabayona.es\/web\/exposiciones\/poniendo-color-a-mis-sentimientos\/","title":{"rendered":"\u00abPoniendo color a mis sentimientos\u00bb"},"content":{"rendered":"<p><strong>El Carmen. T\u00edtulo de la exposici\u00f3n: \u201cPoniendo color a mis sentimientos\u201d<\/strong>. Zaragoza 2002,2004 y 2007. Pocas veces he sentido que mi obra ha sido tan admirada, querida y tan halagada. Exponer en el Carmen es una satisfacci\u00f3n donde el \u00e9xito me abruma por sincero. En uno de mis cat\u00e1logos para el Carmen cerraba con una frase en la que sigo creyendo: \u201cNo puedes aprender, sentir, cambiar, crecer, amar y vivir\u2026sin compartir\u201d<\/p>\n<div id=\"maxgalleria-154\" class=\"mg-image-tiles\">\t<div class=\"mg-thumbs mg-fivecol\">\t\t<ul><li>\t<a href='http:\/\/celiabayona.es\/web\/wp-content\/uploads\/2013\/12\/Saliendo-a-la-luz1.jpg' target='' rel='mg-thumbs' title='Saliendo a la luz'>\t\t<div>\t\t\t<img src=\"https:\/\/celiabayona.es\/web\/wp-content\/uploads\/2013\/12\/Saliendo-a-la-luz1-200x200.jpg\" width=\"200\" height=\"200\" alt=\"Saliendo a la luz\" title=\"Saliendo a la luz\" \/>\t\t<\/div>\t<\/a><\/li><li>\t<a href='http:\/\/celiabayona.es\/web\/wp-content\/uploads\/2013\/12\/Un-dulce-y-gran-silencio.jpg' target='' rel='mg-thumbs' title='Un dulce y gran silencio'>\t\t<div>\t\t\t<img src=\"https:\/\/celiabayona.es\/web\/wp-content\/uploads\/2013\/12\/Un-dulce-y-gran-silencio-200x200.jpg\" width=\"200\" height=\"200\" alt=\"Un dulce y gran silencio\" title=\"Un dulce y gran silencio\" \/>\t\t<\/div>\t<\/a><\/li><li>\t<a href='http:\/\/celiabayona.es\/web\/wp-content\/uploads\/2013\/12\/Solucion-al-laberinto.jpg' target='' rel='mg-thumbs' title='Solucion al laberinto'>\t\t<div>\t\t\t<img src=\"https:\/\/celiabayona.es\/web\/wp-content\/uploads\/2013\/12\/Solucion-al-laberinto-200x200.jpg\" width=\"200\" height=\"200\" alt=\"Solucion al laberinto\" title=\"Solucion al laberinto\" \/>\t\t<\/div>\t<\/a><\/li><li>\t<a href='http:\/\/celiabayona.es\/web\/wp-content\/uploads\/2013\/12\/Silencio.jpg' target='' rel='mg-thumbs' title='Silencio'>\t\t<div>\t\t\t<img src=\"https:\/\/celiabayona.es\/web\/wp-content\/uploads\/2013\/12\/Silencio-200x200.jpg\" width=\"200\" height=\"200\" alt=\"Silencio\" title=\"Silencio\" \/>\t\t<\/div>\t<\/a><\/li><li>\t<a href='http:\/\/celiabayona.es\/web\/wp-content\/uploads\/2013\/12\/Fundiendose-en-sus-colores.jpg' target='' rel='mg-thumbs' title='Fundiendose en sus colores'>\t\t<div>\t\t\t<img src=\"https:\/\/celiabayona.es\/web\/wp-content\/uploads\/2013\/12\/Fundiendose-en-sus-colores-200x200.jpg\" width=\"200\" height=\"200\" alt=\"Fundiendose en sus colores\" title=\"Fundiendose en sus colores\" \/>\t\t<\/div>\t<\/a><\/li><li>\t<a href='http:\/\/celiabayona.es\/web\/wp-content\/uploads\/2013\/12\/En-mi-recuerdo.jpg' target='' rel='mg-thumbs' title='En mi recuerdo'>\t\t<div>\t\t\t<img src=\"https:\/\/celiabayona.es\/web\/wp-content\/uploads\/2013\/12\/En-mi-recuerdo-200x200.jpg\" width=\"200\" height=\"200\" alt=\"En mi recuerdo\" title=\"En mi recuerdo\" \/>\t\t<\/div>\t<\/a><\/li><li>\t<a href='http:\/\/celiabayona.es\/web\/wp-content\/uploads\/2013\/12\/El-amor-todo-lo-llena.jpg' target='' rel='mg-thumbs' title='El amor todo lo llena'>\t\t<div>\t\t\t<img src=\"https:\/\/celiabayona.es\/web\/wp-content\/uploads\/2013\/12\/El-amor-todo-lo-llena-200x200.jpg\" width=\"200\" height=\"200\" alt=\"El amor todo lo llena\" title=\"El amor todo lo llena\" \/>\t\t<\/div>\t<\/a><\/li><li>\t<a href='http:\/\/celiabayona.es\/web\/wp-content\/uploads\/2013\/12\/Desde-el-alma.jpg' target='' rel='mg-thumbs' title='Desde el alma'>\t\t<div>\t\t\t<img src=\"https:\/\/celiabayona.es\/web\/wp-content\/uploads\/2013\/12\/Desde-el-alma-200x200.jpg\" width=\"200\" height=\"200\" alt=\"Desde el alma\" title=\"Desde el alma\" \/>\t\t<\/div>\t<\/a><\/li><li>\t<a href='http:\/\/celiabayona.es\/web\/wp-content\/uploads\/2013\/12\/Creciendo-libre.jpg' target='' rel='mg-thumbs' title='Creciendo libre'>\t\t<div>\t\t\t<img src=\"https:\/\/celiabayona.es\/web\/wp-content\/uploads\/2013\/12\/Creciendo-libre-200x200.jpg\" width=\"200\" height=\"200\" alt=\"Creciendo libre\" title=\"Creciendo libre\" \/>\t\t<\/div>\t<\/a><\/li><li>\t<a href='http:\/\/celiabayona.es\/web\/wp-content\/uploads\/2013\/12\/Cosiendo-heridas.jpg' target='' rel='mg-thumbs' title='Cosiendo heridas'>\t\t<div>\t\t\t<img src=\"https:\/\/celiabayona.es\/web\/wp-content\/uploads\/2013\/12\/Cosiendo-heridas-200x200.jpg\" width=\"200\" height=\"200\" alt=\"Cosiendo heridas\" title=\"Cosiendo heridas\" \/>\t\t<\/div>\t<\/a><\/li><li>\t<a href='http:\/\/celiabayona.es\/web\/wp-content\/uploads\/2013\/12\/So\u00f1ando-con-campos-de-lavanda.jpg' target='' rel='mg-thumbs' title='So\u00f1ando con campos de lavanda'>\t\t<div>\t\t\t<img src=\"https:\/\/celiabayona.es\/web\/wp-content\/uploads\/2013\/12\/So\u00f1ando-con-campos-de-lavanda-200x200.jpg\" width=\"200\" height=\"200\" alt=\"So\u00f1ando con campos de lavanda\" title=\"So\u00f1ando con campos de lavanda\" \/>\t\t<\/div>\t<\/a><\/li><li>\t<a href='http:\/\/celiabayona.es\/web\/wp-content\/uploads\/2013\/12\/Solo-por-este-momento-valio-lapena.jpg' target='' rel='mg-thumbs' title='Solo por este momento valio lapena'>\t\t<div>\t\t\t<img src=\"https:\/\/celiabayona.es\/web\/wp-content\/uploads\/2013\/12\/Solo-por-este-momento-valio-lapena-200x200.jpg\" width=\"200\" height=\"200\" alt=\"Solo por este momento valio lapena\" title=\"Solo por este momento valio lapena\" \/>\t\t<\/div>\t<\/a><\/li><li>\t<a href='http:\/\/celiabayona.es\/web\/wp-content\/uploads\/2013\/12\/En-plenitud.jpg' target='' rel='mg-thumbs' title='En plenitud'>\t\t<div>\t\t\t<img src=\"https:\/\/celiabayona.es\/web\/wp-content\/uploads\/2013\/12\/En-plenitud-200x200.jpg\" width=\"200\" height=\"200\" alt=\"En plenitud\" title=\"En plenitud\" \/>\t\t<\/div>\t<\/a><\/li><li>\t<a href='http:\/\/celiabayona.es\/web\/wp-content\/uploads\/2013\/12\/Empezar-es-dar-un-paso.jpg' target='' rel='mg-thumbs' title='Empezar es dar un paso'>\t\t<div>\t\t\t<img src=\"https:\/\/celiabayona.es\/web\/wp-content\/uploads\/2013\/12\/Empezar-es-dar-un-paso-200x200.jpg\" width=\"200\" height=\"200\" alt=\"Empezar es dar un paso\" title=\"Empezar es dar un paso\" \/>\t\t<\/div>\t<\/a><\/li><li>\t<a href='http:\/\/celiabayona.es\/web\/wp-content\/uploads\/2013\/12\/Crear-el-mundo-merecio-la-pena.jpg' target='' rel='mg-thumbs' title='Crear el mundo merecio la pena'>\t\t<div>\t\t\t<img src=\"https:\/\/celiabayona.es\/web\/wp-content\/uploads\/2013\/12\/Crear-el-mundo-merecio-la-pena-200x200.jpg\" width=\"200\" height=\"200\" alt=\"Crear el mundo merecio la pena\" title=\"Crear el mundo merecio la pena\" \/>\t\t<\/div>\t<\/a><\/li><li>\t<a href='http:\/\/celiabayona.es\/web\/wp-content\/uploads\/2013\/12\/Desprendimiento-achicoria.jpg' target='' rel='mg-thumbs' title='Desprendimiento achicoria'>\t\t<div>\t\t\t<img src=\"https:\/\/celiabayona.es\/web\/wp-content\/uploads\/2013\/12\/Desprendimiento-achicoria-200x200.jpg\" width=\"200\" height=\"200\" alt=\"Desprendimiento achicoria\" title=\"Desprendimiento achicoria\" \/>\t\t<\/div>\t<\/a><\/li>\t\t<\/ul>\t\t<div class=\"clear\"><\/div>\t<\/div><\/div>\n","protected":false},"excerpt":{"rendered":"<p>El Carmen. T\u00edtulo de la exposici\u00f3n: \u201cPoniendo color a mis sentimientos\u201d. Zaragoza 2002,2004 y 2007. Pocas veces he sentido que mi obra ha sido tan admirada, querida y tan halagada. Exponer en el Carmen es una satisfacci\u00f3n donde el \u00e9xito me abruma por sincero. En uno de mis cat\u00e1logos para el Carmen cerraba con una [&hellip;]<\/p>\n","protected":false},"author":1,"featured_media":0,"parent":95,"menu_order":3,"comment_status":"closed","ping_status":"closed","template":"page-full_width.php","meta":[],"tags":[],"_links":{"self":[{"href":"https:\/\/celiabayona.es\/web\/wp-json\/wp\/v2\/pages\/170"}],"collection":[{"href":"https:\/\/celiabayona.es\/web\/wp-json\/wp\/v2\/pages"}],"about":[{"href":"https:\/\/celiabayona.es\/web\/wp-json\/wp\/v2\/types\/page"}],"author":[{"embeddable":true,"href":"https:\/\/celiabayona.es\/web\/wp-json\/wp\/v2\/users\/1"}],"replies":[{"embeddable":true,"href":"https:\/\/celiabayona.es\/web\/wp-json\/wp\/v2\/comments?post=170"}],"version-history":[{"count":1,"href":"https:\/\/celiabayona.es\/web\/wp-json\/wp\/v2\/pages\/170\/revisions"}],"predecessor-version":[{"id":171,"href":"https:\/\/celiabayona.es\/web\/wp-json\/wp\/v2\/pages\/170\/revisions\/171"}],"up":[{"embeddable":true,"href":"https:\/\/celiabayona.es\/web\/wp-json\/wp\/v2\/pages\/95"}],"wp:attachment":[{"href":"https:\/\/celiabayona.es\/web\/wp-json\/wp\/v2\/media?parent=170"}],"wp:term":[{"taxonomy":"post_tag","embeddable":true,"href":"https:\/\/celiabayona.es\/web\/wp-json\/wp\/v2\/tags?post=170"}],"curies":[{"name":"wp","href":"https:\/\/api.w.org\/{rel}","templated":true}]}}