{"id":2,"date":"2013-12-09T16:12:07","date_gmt":"2013-12-09T16:12:07","guid":{"rendered":"http:\/\/celiabayona.es\/web\/?page_id=2"},"modified":"2013-12-14T20:52:59","modified_gmt":"2013-12-14T19:52:59","slug":"dibujos","status":"publish","type":"page","link":"https:\/\/celiabayona.es\/web\/dibujos\/","title":{"rendered":"Dibujos"},"content":{"rendered":"<p style=\"text-align: center;\">Con mis lapiceros estudi\u00e9 a los grandes pintores, y sigo aprendiendo d\u00eda a d\u00eda. Mientras tanto,\u00a0 sigo expres\u00e1ndome, dibujando en color y en blanco y negro.<\/p>\n<p>&nbsp;<\/p>\n<div id=\"maxgalleria-8\" class=\"mg-image-tiles\">\t<div class=\"mg-thumbs mg-fivecol\">\t\t<ul><li>\t<a href='http:\/\/celiabayona.es\/web\/wp-content\/uploads\/2013\/12\/comenzo-en-una-flor.jpg' target='' rel='mg-thumbs' title='comenzo en una flor'>\t\t<div>\t\t\t<img src=\"https:\/\/celiabayona.es\/web\/wp-content\/uploads\/2013\/12\/comenzo-en-una-flor-200x200.jpg\" width=\"200\" height=\"200\" alt=\"comenzo en una flor\" title=\"comenzo en una flor\" \/>\t\t<\/div>\t<\/a><\/li><li>\t<a href='http:\/\/celiabayona.es\/web\/wp-content\/uploads\/2013\/12\/cuidando-la-mayor.jpg' target='' rel='mg-thumbs' title='cuidando la mayor'>\t\t<div>\t\t\t<img src=\"https:\/\/celiabayona.es\/web\/wp-content\/uploads\/2013\/12\/cuidando-la-mayor-200x200.jpg\" width=\"200\" height=\"200\" alt=\"cuidando la mayor\" title=\"Cuidando la mayor\" \/>\t\t<\/div>\t<\/a><\/li><li>\t<a href='http:\/\/celiabayona.es\/web\/wp-content\/uploads\/2013\/12\/le-dijeron-que-no.jpg' target='' rel='mg-thumbs' title='le dijeron que no'>\t\t<div>\t\t\t<img src=\"https:\/\/celiabayona.es\/web\/wp-content\/uploads\/2013\/12\/le-dijeron-que-no-200x200.jpg\" width=\"200\" height=\"200\" alt=\"le dijeron que no\" title=\"le dijeron que no\" \/>\t\t<\/div>\t<\/a><\/li><li>\t<a href='http:\/\/celiabayona.es\/web\/wp-content\/uploads\/2013\/12\/mi-amiga-Jara.jpg' target='' rel='mg-thumbs' title='mi amiga Jara'>\t\t<div>\t\t\t<img src=\"https:\/\/celiabayona.es\/web\/wp-content\/uploads\/2013\/12\/mi-amiga-Jara-200x200.jpg\" width=\"200\" height=\"200\" alt=\"mi amiga Jara\" title=\"mi amiga Jara\" \/>\t\t<\/div>\t<\/a><\/li><li>\t<a href='http:\/\/celiabayona.es\/web\/wp-content\/uploads\/2013\/12\/un-recuedo-al-refugio.jpg' target='' rel='mg-thumbs' title='un recuedo al refugio'>\t\t<div>\t\t\t<img src=\"https:\/\/celiabayona.es\/web\/wp-content\/uploads\/2013\/12\/un-recuedo-al-refugio-200x200.jpg\" width=\"200\" height=\"200\" alt=\"un recuedo al refugio\" title=\"un recuedo al refugio\" \/>\t\t<\/div>\t<\/a><\/li><li>\t<a href='http:\/\/celiabayona.es\/web\/wp-content\/uploads\/2013\/12\/salio-voluntaria.jpg' target='' rel='mg-thumbs' title='salio voluntaria'>\t\t<div>\t\t\t<img src=\"https:\/\/celiabayona.es\/web\/wp-content\/uploads\/2013\/12\/salio-voluntaria-200x200.jpg\" width=\"200\" height=\"200\" alt=\"salio voluntaria\" title=\"salio voluntaria\" \/>\t\t<\/div>\t<\/a><\/li><li>\t<a href='http:\/\/celiabayona.es\/web\/wp-content\/uploads\/2013\/12\/Lucas.jpg' target='' rel='mg-thumbs' title='Lucas'>\t\t<div>\t\t\t<img src=\"https:\/\/celiabayona.es\/web\/wp-content\/uploads\/2013\/12\/Lucas-200x200.jpg\" width=\"200\" height=\"200\" alt=\"Lucas\" title=\"Lucas\" \/>\t\t<\/div>\t<\/a><\/li><li>\t<a href='http:\/\/celiabayona.es\/web\/wp-content\/uploads\/2013\/12\/flor1.jpg' target='' rel='mg-thumbs' title='flor1'>\t\t<div>\t\t\t<img src=\"https:\/\/celiabayona.es\/web\/wp-content\/uploads\/2013\/12\/flor1-200x200.jpg\" width=\"200\" height=\"200\" alt=\"flor1\" title=\"flor1\" \/>\t\t<\/div>\t<\/a><\/li><li>\t<a href='http:\/\/celiabayona.es\/web\/wp-content\/uploads\/2013\/12\/conservando-su-esencia.jpg' target='' rel='mg-thumbs' title='conservando su esencia'>\t\t<div>\t\t\t<img src=\"https:\/\/celiabayona.es\/web\/wp-content\/uploads\/2013\/12\/conservando-su-esencia-200x200.jpg\" width=\"200\" height=\"200\" alt=\"conservando su esencia\" title=\"conservando su esencia\" \/>\t\t<\/div>\t<\/a><\/li><li>\t<a href='http:\/\/celiabayona.es\/web\/wp-content\/uploads\/2013\/12\/Posando.jpg' target='' rel='mg-thumbs' title='Posando'>\t\t<div>\t\t\t<img src=\"https:\/\/celiabayona.es\/web\/wp-content\/uploads\/2013\/12\/Posando-200x200.jpg\" width=\"200\" height=\"200\" alt=\"Posando\" title=\"Posando\" \/>\t\t<\/div>\t<\/a><\/li><li>\t<a href='http:\/\/celiabayona.es\/web\/wp-content\/uploads\/2013\/12\/y-parecia-bueno.jpg' target='' rel='mg-thumbs' title='y parecia bueno'>\t\t<div>\t\t\t<img src=\"https:\/\/celiabayona.es\/web\/wp-content\/uploads\/2013\/12\/y-parecia-bueno-200x200.jpg\" width=\"200\" height=\"200\" alt=\"y parecia bueno\" title=\"y parecia bueno\" \/>\t\t<\/div>\t<\/a><\/li><li>\t<a href='http:\/\/celiabayona.es\/web\/wp-content\/uploads\/2013\/12\/por-si-pierdes-tu-alegria.jpg' target='' rel='mg-thumbs' title='por si pierdes tu alegria'>\t\t<div>\t\t\t<img src=\"https:\/\/celiabayona.es\/web\/wp-content\/uploads\/2013\/12\/por-si-pierdes-tu-alegria-200x200.jpg\" width=\"200\" height=\"200\" alt=\"por si pierdes tu alegria\" title=\"por si pierdes tu alegria\" \/>\t\t<\/div>\t<\/a><\/li><li>\t<a href='http:\/\/celiabayona.es\/web\/wp-content\/uploads\/2013\/12\/cudando-mi-paleta.jpg' target='' rel='mg-thumbs' title='cudando mi paleta'>\t\t<div>\t\t\t<img src=\"https:\/\/celiabayona.es\/web\/wp-content\/uploads\/2013\/12\/cudando-mi-paleta-200x200.jpg\" width=\"200\" height=\"200\" alt=\"cudando mi paleta\" title=\"cudando mi paleta\" \/>\t\t<\/div>\t<\/a><\/li><li>\t<a href='http:\/\/celiabayona.es\/web\/wp-content\/uploads\/2013\/12\/reclamando-su-premio.jpg' target='' rel='mg-thumbs' title='reclamando su premio'>\t\t<div>\t\t\t<img src=\"https:\/\/celiabayona.es\/web\/wp-content\/uploads\/2013\/12\/reclamando-su-premio-200x200.jpg\" width=\"200\" height=\"200\" alt=\"reclamando su premio\" title=\"reclamando su premio\" \/>\t\t<\/div>\t<\/a><\/li><li>\t<a href='http:\/\/celiabayona.es\/web\/wp-content\/uploads\/2013\/12\/038.jpg' target='' rel='mg-thumbs' title='Siempre me tendr\u00e1s'>\t\t<div>\t\t\t<img src=\"https:\/\/celiabayona.es\/web\/wp-content\/uploads\/2013\/12\/038-200x200.jpg\" width=\"200\" height=\"200\" alt=\"Siempre me tendr\u00e1s\" title=\"Siempre me tendr\u00e1s\" \/>\t\t<\/div>\t<\/a><\/li><li>\t<a href='http:\/\/celiabayona.es\/web\/wp-content\/uploads\/2013\/12\/Silla.jpg' target='' rel='mg-thumbs' title='Silla'>\t\t<div>\t\t\t<img src=\"https:\/\/celiabayona.es\/web\/wp-content\/uploads\/2013\/12\/Silla-200x200.jpg\" width=\"200\" height=\"200\" alt=\"Silla\" title=\"Silla\" \/>\t\t<\/div>\t<\/a><\/li><li>\t<a href='http:\/\/celiabayona.es\/web\/wp-content\/uploads\/2013\/12\/Peras.jpg' target='' rel='mg-thumbs' title='Peras'>\t\t<div>\t\t\t<img src=\"https:\/\/celiabayona.es\/web\/wp-content\/uploads\/2013\/12\/Peras-200x200.jpg\" width=\"200\" height=\"200\" alt=\"Peras\" title=\"Peras\" \/>\t\t<\/div>\t<\/a><\/li><li>\t<a href='http:\/\/celiabayona.es\/web\/wp-content\/uploads\/2013\/12\/Pan.jpg' target='' rel='mg-thumbs' title='Pan'>\t\t<div>\t\t\t<img src=\"https:\/\/celiabayona.es\/web\/wp-content\/uploads\/2013\/12\/Pan-200x200.jpg\" width=\"200\" height=\"200\" alt=\"Pan\" title=\"Pan\" \/>\t\t<\/div>\t<\/a><\/li><li>\t<a href='http:\/\/celiabayona.es\/web\/wp-content\/uploads\/2013\/12\/en-perfecta-armonia.jpg' target='' rel='mg-thumbs' title='en perfecta armonia'>\t\t<div>\t\t\t<img src=\"https:\/\/celiabayona.es\/web\/wp-content\/uploads\/2013\/12\/en-perfecta-armonia-200x200.jpg\" width=\"200\" height=\"200\" alt=\"en perfecta armonia\" title=\"en perfecta armonia\" \/>\t\t<\/div>\t<\/a><\/li><li>\t<a href='http:\/\/celiabayona.es\/web\/wp-content\/uploads\/2013\/12\/Cordero.jpg' target='' rel='mg-thumbs' title='Cordero'>\t\t<div>\t\t\t<img src=\"https:\/\/celiabayona.es\/web\/wp-content\/uploads\/2013\/12\/Cordero-200x200.jpg\" width=\"200\" height=\"200\" alt=\"Cordero\" title=\"Cordero\" \/>\t\t<\/div>\t<\/a><\/li>\t\t<\/ul>\t\t<div class=\"clear\"><\/div>\t<\/div><\/div>\n","protected":false},"excerpt":{"rendered":"<p>Con mis lapiceros estudi\u00e9 a los grandes pintores, y sigo aprendiendo d\u00eda a d\u00eda. Mientras tanto,\u00a0 sigo expres\u00e1ndome, dibujando en color y en blanco y negro. &nbsp;<\/p>\n","protected":false},"author":1,"featured_media":0,"parent":0,"menu_order":5,"comment_status":"closed","ping_status":"closed","template":"page-full_width.php","meta":[],"tags":[],"_links":{"self":[{"href":"https:\/\/celiabayona.es\/web\/wp-json\/wp\/v2\/pages\/2"}],"collection":[{"href":"https:\/\/celiabayona.es\/web\/wp-json\/wp\/v2\/pages"}],"about":[{"href":"https:\/\/celiabayona.es\/web\/wp-json\/wp\/v2\/types\/page"}],"author":[{"embeddable":true,"href":"https:\/\/celiabayona.es\/web\/wp-json\/wp\/v2\/users\/1"}],"replies":[{"embeddable":true,"href":"https:\/\/celiabayona.es\/web\/wp-json\/wp\/v2\/comments?post=2"}],"version-history":[{"count":5,"href":"https:\/\/celiabayona.es\/web\/wp-json\/wp\/v2\/pages\/2\/revisions"}],"predecessor-version":[{"id":376,"href":"https:\/\/celiabayona.es\/web\/wp-json\/wp\/v2\/pages\/2\/revisions\/376"}],"wp:attachment":[{"href":"https:\/\/celiabayona.es\/web\/wp-json\/wp\/v2\/media?parent=2"}],"wp:term":[{"taxonomy":"post_tag","embeddable":true,"href":"https:\/\/celiabayona.es\/web\/wp-json\/wp\/v2\/tags?post=2"}],"curies":[{"name":"wp","href":"https:\/\/api.w.org\/{rel}","templated":true}]}}