{"id":240,"date":"2013-12-14T15:23:41","date_gmt":"2013-12-14T14:23:41","guid":{"rendered":"http:\/\/celiabayona.es\/web\/?page_id=240"},"modified":"2013-12-14T15:23:41","modified_gmt":"2013-12-14T14:23:41","slug":"la-inspiracion-es-trabajo","status":"publish","type":"page","link":"https:\/\/celiabayona.es\/web\/dialogos-con-mi-paleta\/la-inspiracion-es-trabajo\/","title":{"rendered":"La inspiraci\u00f3n es trabajo"},"content":{"rendered":"<blockquote style=\"font-size: 14px;\">\n<p style=\"text-align: center;\">Quise encerrarme en mi estudio<br \/>\ny all\u00ed me puse a pintar.<\/p>\n<p style=\"text-align: center;\">Sobre mi papel en blanco<br \/>\nme comenc\u00e9\u00a0 a desnudar\u2026<br \/>\n&#8230;donde tus penas las cambias por color y pinceladas,<br \/>\n&#8230;donde tus l\u00e1grimas caen y se convierten en aguada,<br \/>\n&#8230;donde es f\u00e1cil fundir el coraz\u00f3n con el alma,<br \/>\nsentir que se diluyen los dolores y las penas&#8230;<\/p>\n<p style=\"text-align: center;\">Otra vez ese milagro<br \/>\nal contemplar mi trabajo,<br \/>\nmi alma se transform\u00f3,<br \/>\nestaba llena de fuerza, vida, luz y color<\/p>\n<p style=\"text-align: center;\">Hoy consegu\u00ed un buen trueque,<br \/>\ntodo qued\u00f3 en un paisaje,<br \/>\ncon horizonte, praderas\u2026<br \/>\ny camino por delante<\/p>\n<\/blockquote>\n","protected":false},"excerpt":{"rendered":"<p>Quise encerrarme en mi estudio y all\u00ed me puse a pintar. Sobre mi papel en blanco me comenc\u00e9\u00a0 a desnudar\u2026 &#8230;donde tus penas las cambias por color y pinceladas, &#8230;donde tus l\u00e1grimas caen y se convierten en aguada, &#8230;donde es f\u00e1cil fundir el coraz\u00f3n con el alma, sentir que se diluyen los dolores y las [&hellip;]<\/p>\n","protected":false},"author":1,"featured_media":241,"parent":200,"menu_order":0,"comment_status":"closed","ping_status":"closed","template":"","meta":[],"tags":[275],"_links":{"self":[{"href":"https:\/\/celiabayona.es\/web\/wp-json\/wp\/v2\/pages\/240"}],"collection":[{"href":"https:\/\/celiabayona.es\/web\/wp-json\/wp\/v2\/pages"}],"about":[{"href":"https:\/\/celiabayona.es\/web\/wp-json\/wp\/v2\/types\/page"}],"author":[{"embeddable":true,"href":"https:\/\/celiabayona.es\/web\/wp-json\/wp\/v2\/users\/1"}],"replies":[{"embeddable":true,"href":"https:\/\/celiabayona.es\/web\/wp-json\/wp\/v2\/comments?post=240"}],"version-history":[{"count":1,"href":"https:\/\/celiabayona.es\/web\/wp-json\/wp\/v2\/pages\/240\/revisions"}],"predecessor-version":[{"id":242,"href":"https:\/\/celiabayona.es\/web\/wp-json\/wp\/v2\/pages\/240\/revisions\/242"}],"up":[{"embeddable":true,"href":"https:\/\/celiabayona.es\/web\/wp-json\/wp\/v2\/pages\/200"}],"wp:featuredmedia":[{"embeddable":true,"href":"https:\/\/celiabayona.es\/web\/wp-json\/wp\/v2\/media\/241"}],"wp:attachment":[{"href":"https:\/\/celiabayona.es\/web\/wp-json\/wp\/v2\/media?parent=240"}],"wp:term":[{"taxonomy":"post_tag","embeddable":true,"href":"https:\/\/celiabayona.es\/web\/wp-json\/wp\/v2\/tags?post=240"}],"curies":[{"name":"wp","href":"https:\/\/api.w.org\/{rel}","templated":true}]}}